{"id":1212,"date":"2015-01-12T07:57:14","date_gmt":"2015-01-12T10:57:14","guid":{"rendered":"http:\/\/wpcharming.wpengine.com\/chicago\/?page_id=1212"},"modified":"2023-10-19T14:22:30","modified_gmt":"2023-10-19T17:22:30","slug":"salon-de-fiestas-rosario","status":"publish","type":"page","link":"https:\/\/pgeventos.com.ar\/nueva\/","title":{"rendered":"Inicio &#8211; Sal\u00f3n de Fiestas Rosario &#8211; Sal\u00f3n de Eventos Rosario"},"content":{"rendered":"<div class=\"wpb-content-wrapper\"><p>[vc_row margin_top=&#8221;-60&#8243; padding_top=&#8221;0&#8243; padding_bottom=&#8221;0&#8243;][vc_column][rev_slider_vc alias=&#8221;homeslider1fullscreen&#8221;][\/vc_column][\/vc_row][vc_row row_id=&#8221;welcome&#8221;][vc_column width=&#8221;1\/3&#8243;][vc_single_image image=&#8221;1287&#8243; img_size=&#8221;500&#215;300&#8243; css=&#8221;.vc_custom_1657289838493{margin-bottom: 15px !important;}&#8221;][vc_column_text]<\/p>\n<h2><a href=\"https:\/\/pgeventos.com.ar\/nueva\/servicios\/\"><span style=\"color: #bf9553;\">Salones Centricos EN ROSARIO<\/span><\/a><\/h2>\n<p>Salones para realizar eventos sociales o empresariales. Equipados con: guardarropas, seguridad privada, grupo electr\u00f3geno, climatizaci\u00f3n y todas las instalaciones reglamentarias.[\/vc_column_text][\/vc_column][vc_column width=&#8221;1\/3&#8243;][vc_single_image image=&#8221;1288&#8243; img_size=&#8221;500&#215;300&#8243; css=&#8221;.vc_custom_1657290400557{margin-bottom: 15px !important;}&#8221;][vc_column_text]<\/p>\n<h2><a href=\"https:\/\/pgeventos.com.ar\/nueva\/quienes-somos\/\"><span style=\"color: #bf9553;\">SALONES CON PARQUE EN ROSARIO<\/span><\/a><\/h2>\n<p>Salones en rosario para realizar la mejor fiesta (social o empresarial), dise\u00f1ados con espacios destinados para disfrutar de la naturaleza y el aire libre.[\/vc_column_text][\/vc_column][vc_column width=&#8221;1\/3&#8243;][vc_single_image image=&#8221;1290&#8243; img_size=&#8221;500&#215;300&#8243; css=&#8221;.vc_custom_1657290440066{margin-bottom: 15px !important;}&#8221;][vc_column_text]<\/p>\n<h2><a href=\"https:\/\/pgeventos.com.ar\/nueva\/galeria-de-imagenes\/\"><span style=\"color: #bf9553;\">SALONES CON VISTA AL R\u00cdO EN ROSARIO<\/span><\/a><\/h2>\n<p>Salones especialmente dise\u00f1ados para que puedas disfrutar y realizar una fiesta \u00fanica e irrepetible, acompa\u00f1ados de una inmejorable vista al R\u00edo Paran\u00e1.<\/p>\n<p>[\/vc_column_text][\/vc_column][\/vc_row][vc_row bg_color=&#8221;#000000&#8243; row_parallax=&#8221;false&#8221;][vc_column parallax=&#8221;content-moving-fade&#8221;]\n\t<div class=\"wpc-special-heading-wrap wpb_content_element\">\n\t\t<span class=\"special-heading-1\" style=\"font-size: 28px;line-height: 28px;\">PG EVENTOS - Sal\u00f3n de Fiestas Rosario<\/span>\n\t\t<span class=\"special-heading-2\" style=\"margin-top: 20px;margin-bottom: 22px;color: #bf9553;font-size: 16px;\">Salones de Eventos de la Ciudad de Rosario<\/span>\n\t<\/div>[vc_column_text]<\/p>\n<p class=\"textogeneral\">En\u00a0Plaza Group\u00a0nos esforzamos para que su evento sea inolvidable, es por eso que contamos con los mejores\u00a0salones de fiestas de la ciudad de rosario.<\/p>\n<p>Organizamos cada detalle de su eventos para que el mismo sea \u00fanico y especial, porque cada momento tiene su tiempo y no se repite. Originalidad, buen gusto, servicio al cliente, son algunos de los atributos que componen nuestra empresa, lo que asegura una organizaci\u00f3n integral, asegurando el \u00e9xito de su fiesta.<\/p>\n<p class=\"textogeneral\">Nuestra misi\u00f3n como\u00a0<strong>empresa de organizaci\u00f3n de eventos<\/strong>\u00a0es aportarle a cada cliente nuestro compromiso, conocimiento y experiencia logrando que cada evento sea \u00fanico y cuente con la calidad que merece.<\/p>\n<p class=\"textogeneral\">Para ello en\u00a0<strong>Plaza Group<\/strong>\u00a0contamos con los m\u00e1s distinguidos\u00a0<strong><a href=\"https:\/\/pgeventos.com.ar\/nueva\/quienes-somos\/\">salones de fiestas de rosario<\/a> y zonas aleda\u00f1as<\/strong>. Modernas e impecables instalaciones sumadas a un equipo humano de trabajo comprometido y dispuesto para que tus deseos e ilusiones se hagan realidad.<\/p>\n<p class=\"textogeneral\">Originalidad, buen gusto, servicio al cliente, son algunos de los atributos que componen nuestra empresa, lo que asegura el \u00e9xito de tu fiesta.<\/p>\n<p class=\"textogeneral\">Todos los<strong>\u00a0<a href=\"https:\/\/pgeventos.com.ar\/nueva\/galeria-de-imagenes\/\">salones de fiestas<\/a><\/strong>\u00a0vienen acompa\u00f1ados por instalaciones de primer nivel y modernas, entre las diferentes comodidades que poseen se encuentran: climatizaci\u00f3n, pista bailable, barra, recepcionista, disc jockey, sonido, luces, equipos, efectos, emergencia medica, seguridad, seguro, manteler\u00eda fina, cristaler\u00eda y vajilla fina, mozos especializados y uniformados, personal de cheff y ayudantes de cocina especializados y uniformados.<\/p>\n<p>[\/vc_column_text][\/vc_column][\/vc_row]<\/p>\n<\/div>","protected":false},"excerpt":{"rendered":"<p>[vc_row margin_top=&#8221;-60&#8243; padding_top=&#8221;0&#8243; padding_bottom=&#8221;0&#8243;][vc_column][rev_slider_vc alias=&#8221;homeslider1fullscreen&#8221;][\/vc_column][\/vc_row][vc_row row_id=&#8221;welcome&#8221;][vc_column width=&#8221;1\/3&#8243;][vc_single_image image=&#8221;1287&#8243; img_size=&#8221;500&#215;300&#8243; css=&#8221;.vc_custom_1657289838493{margin-bottom: 15px !important;}&#8221;][vc_column_text] Salones Centricos EN ROSARIO Salones para realizar eventos sociales o empresariales. Equipados con: guardarropas, seguridad privada, grupo electr\u00f3geno, climatizaci\u00f3n y todas las instalaciones reglamentarias.[\/vc_column_text][\/vc_column][vc_column width=&#8221;1\/3&#8243;][vc_single_image image=&#8221;1288&#8243; img_size=&#8221;500&#215;300&#8243; css=&#8221;.vc_custom_1657290400557{margin-bottom: 15px !important;}&#8221;][vc_column_text] SALONES CON PARQUE EN ROSARIO Salones en rosario para realizar la mejor fiesta [&hellip;]<\/p>\n","protected":false},"author":1,"featured_media":0,"parent":0,"menu_order":1,"comment_status":"closed","ping_status":"closed","template":"","meta":{"_joinchat":[],"footnotes":""},"class_list":["post-1212","page","type-page","status-publish","hentry"],"yoast_head":"<!-- This site is optimized with the Yoast SEO plugin v27.4 - https:\/\/yoast.com\/product\/yoast-seo-wordpress\/ -->\n<title>Inicio - Sal\u00f3n de Fiestas Rosario - Sal\u00f3n de Eventos Rosario - PG Eventos<\/title>\n<meta name=\"description\" content=\"En Plaza Group nos esforzamos para que su evento sea inolvidable, contamos con el mejor Sal\u00f3n de Fiestas en Rosario y alrededores.\" \/>\n<meta name=\"robots\" content=\"index, follow, max-snippet:-1, max-image-preview:large, max-video-preview:-1\" \/>\n<link rel=\"canonical\" href=\"https:\/\/pgeventos.com.ar\/nueva\/\" \/>\n<meta property=\"og:locale\" content=\"es_ES\" \/>\n<meta property=\"og:type\" content=\"article\" \/>\n<meta property=\"og:title\" content=\"Inicio - Sal\u00f3n de Fiestas Rosario - Sal\u00f3n de Eventos Rosario - PG Eventos\" \/>\n<meta property=\"og:description\" content=\"En Plaza Group nos esforzamos para que su evento sea inolvidable, contamos con el mejor Sal\u00f3n de Fiestas en Rosario y alrededores.\" \/>\n<meta property=\"og:url\" content=\"https:\/\/pgeventos.com.ar\/nueva\/\" \/>\n<meta property=\"og:site_name\" content=\"PG Eventos\" \/>\n<meta property=\"article:publisher\" content=\"https:\/\/www.facebook.com\/profile.php?id=100063526689790\" \/>\n<meta property=\"article:modified_time\" content=\"2023-10-19T17:22:30+00:00\" \/>\n<meta property=\"og:image\" content=\"https:\/\/pgeventos.com.ar\/nueva\/wp-content\/uploads\/2023\/10\/292509264_468587121935507_7448197559576855527_n.jpg\" \/>\n\t<meta property=\"og:image:width\" content=\"350\" \/>\n\t<meta property=\"og:image:height\" content=\"224\" \/>\n\t<meta property=\"og:image:type\" content=\"image\/jpeg\" \/>\n<meta name=\"twitter:card\" content=\"summary_large_image\" \/>\n<meta name=\"twitter:label1\" content=\"Tiempo de lectura\" \/>\n\t<meta name=\"twitter:data1\" content=\"2 minutos\" \/>\n<script type=\"application\/ld+json\" class=\"yoast-schema-graph\">{\"@context\":\"https:\\\/\\\/schema.org\",\"@graph\":[{\"@type\":\"WebPage\",\"@id\":\"https:\\\/\\\/pgeventos.com.ar\\\/nueva\\\/\",\"url\":\"https:\\\/\\\/pgeventos.com.ar\\\/nueva\\\/\",\"name\":\"Inicio - Sal\u00f3n de Fiestas Rosario - Sal\u00f3n de Eventos Rosario - PG Eventos\",\"isPartOf\":{\"@id\":\"https:\\\/\\\/pgeventos.com.ar\\\/nueva\\\/#website\"},\"datePublished\":\"2015-01-12T10:57:14+00:00\",\"dateModified\":\"2023-10-19T17:22:30+00:00\",\"description\":\"En Plaza Group nos esforzamos para que su evento sea inolvidable, contamos con el mejor Sal\u00f3n de Fiestas en Rosario y alrededores.\",\"breadcrumb\":{\"@id\":\"https:\\\/\\\/pgeventos.com.ar\\\/nueva\\\/#breadcrumb\"},\"inLanguage\":\"es-AR\",\"potentialAction\":[{\"@type\":\"ReadAction\",\"target\":[\"https:\\\/\\\/pgeventos.com.ar\\\/nueva\\\/\"]}]},{\"@type\":\"BreadcrumbList\",\"@id\":\"https:\\\/\\\/pgeventos.com.ar\\\/nueva\\\/#breadcrumb\",\"itemListElement\":[{\"@type\":\"ListItem\",\"position\":1,\"name\":\"Inicio\",\"item\":\"https:\\\/\\\/pgeventos.com.ar\\\/nueva\\\/\"},{\"@type\":\"ListItem\",\"position\":2,\"name\":\"Inicio &#8211; Sal\u00f3n de Fiestas Rosario &#8211; Sal\u00f3n de Eventos Rosario\"}]},{\"@type\":\"WebSite\",\"@id\":\"https:\\\/\\\/pgeventos.com.ar\\\/nueva\\\/#website\",\"url\":\"https:\\\/\\\/pgeventos.com.ar\\\/nueva\\\/\",\"name\":\"PG Eventos - Sal\u00f3n de Fiestas Rosario\",\"description\":\"\",\"publisher\":{\"@id\":\"https:\\\/\\\/pgeventos.com.ar\\\/nueva\\\/#organization\"},\"alternateName\":\"Sal\u00f3n de Fiestas Rosario\",\"potentialAction\":[{\"@type\":\"SearchAction\",\"target\":{\"@type\":\"EntryPoint\",\"urlTemplate\":\"https:\\\/\\\/pgeventos.com.ar\\\/nueva\\\/?s={search_term_string}\"},\"query-input\":{\"@type\":\"PropertyValueSpecification\",\"valueRequired\":true,\"valueName\":\"search_term_string\"}}],\"inLanguage\":\"es-AR\"},{\"@type\":\"Organization\",\"@id\":\"https:\\\/\\\/pgeventos.com.ar\\\/nueva\\\/#organization\",\"name\":\"Salones de Fiestas en Rosario\",\"url\":\"https:\\\/\\\/pgeventos.com.ar\\\/nueva\\\/\",\"logo\":{\"@type\":\"ImageObject\",\"inLanguage\":\"es-AR\",\"@id\":\"https:\\\/\\\/pgeventos.com.ar\\\/nueva\\\/#\\\/schema\\\/logo\\\/image\\\/\",\"url\":\"https:\\\/\\\/pgeventos.com.ar\\\/nueva\\\/wp-content\\\/uploads\\\/2023\\\/10\\\/292509264_468587121935507_7448197559576855527_n.jpg\",\"contentUrl\":\"https:\\\/\\\/pgeventos.com.ar\\\/nueva\\\/wp-content\\\/uploads\\\/2023\\\/10\\\/292509264_468587121935507_7448197559576855527_n.jpg\",\"width\":350,\"height\":224,\"caption\":\"Salones de Fiestas en Rosario\"},\"image\":{\"@id\":\"https:\\\/\\\/pgeventos.com.ar\\\/nueva\\\/#\\\/schema\\\/logo\\\/image\\\/\"},\"sameAs\":[\"https:\\\/\\\/www.facebook.com\\\/profile.php?id=100063526689790\"]}]}<\/script>\n<!-- \/ Yoast SEO plugin. -->","yoast_head_json":{"title":"Inicio - Sal\u00f3n de Fiestas Rosario - Sal\u00f3n de Eventos Rosario - PG Eventos","description":"En Plaza Group nos esforzamos para que su evento sea inolvidable, contamos con el mejor Sal\u00f3n de Fiestas en Rosario y alrededores.","robots":{"index":"index","follow":"follow","max-snippet":"max-snippet:-1","max-image-preview":"max-image-preview:large","max-video-preview":"max-video-preview:-1"},"canonical":"https:\/\/pgeventos.com.ar\/nueva\/","og_locale":"es_ES","og_type":"article","og_title":"Inicio - Sal\u00f3n de Fiestas Rosario - Sal\u00f3n de Eventos Rosario - PG Eventos","og_description":"En Plaza Group nos esforzamos para que su evento sea inolvidable, contamos con el mejor Sal\u00f3n de Fiestas en Rosario y alrededores.","og_url":"https:\/\/pgeventos.com.ar\/nueva\/","og_site_name":"PG Eventos","article_publisher":"https:\/\/www.facebook.com\/profile.php?id=100063526689790","article_modified_time":"2023-10-19T17:22:30+00:00","og_image":[{"width":350,"height":224,"url":"https:\/\/pgeventos.com.ar\/nueva\/wp-content\/uploads\/2023\/10\/292509264_468587121935507_7448197559576855527_n.jpg","type":"image\/jpeg"}],"twitter_card":"summary_large_image","twitter_misc":{"Tiempo de lectura":"2 minutos"},"schema":{"@context":"https:\/\/schema.org","@graph":[{"@type":"WebPage","@id":"https:\/\/pgeventos.com.ar\/nueva\/","url":"https:\/\/pgeventos.com.ar\/nueva\/","name":"Inicio - Sal\u00f3n de Fiestas Rosario - Sal\u00f3n de Eventos Rosario - PG Eventos","isPartOf":{"@id":"https:\/\/pgeventos.com.ar\/nueva\/#website"},"datePublished":"2015-01-12T10:57:14+00:00","dateModified":"2023-10-19T17:22:30+00:00","description":"En Plaza Group nos esforzamos para que su evento sea inolvidable, contamos con el mejor Sal\u00f3n de Fiestas en Rosario y alrededores.","breadcrumb":{"@id":"https:\/\/pgeventos.com.ar\/nueva\/#breadcrumb"},"inLanguage":"es-AR","potentialAction":[{"@type":"ReadAction","target":["https:\/\/pgeventos.com.ar\/nueva\/"]}]},{"@type":"BreadcrumbList","@id":"https:\/\/pgeventos.com.ar\/nueva\/#breadcrumb","itemListElement":[{"@type":"ListItem","position":1,"name":"Inicio","item":"https:\/\/pgeventos.com.ar\/nueva\/"},{"@type":"ListItem","position":2,"name":"Inicio &#8211; Sal\u00f3n de Fiestas Rosario &#8211; Sal\u00f3n de Eventos Rosario"}]},{"@type":"WebSite","@id":"https:\/\/pgeventos.com.ar\/nueva\/#website","url":"https:\/\/pgeventos.com.ar\/nueva\/","name":"PG Eventos - Sal\u00f3n de Fiestas Rosario","description":"","publisher":{"@id":"https:\/\/pgeventos.com.ar\/nueva\/#organization"},"alternateName":"Sal\u00f3n de Fiestas Rosario","potentialAction":[{"@type":"SearchAction","target":{"@type":"EntryPoint","urlTemplate":"https:\/\/pgeventos.com.ar\/nueva\/?s={search_term_string}"},"query-input":{"@type":"PropertyValueSpecification","valueRequired":true,"valueName":"search_term_string"}}],"inLanguage":"es-AR"},{"@type":"Organization","@id":"https:\/\/pgeventos.com.ar\/nueva\/#organization","name":"Salones de Fiestas en Rosario","url":"https:\/\/pgeventos.com.ar\/nueva\/","logo":{"@type":"ImageObject","inLanguage":"es-AR","@id":"https:\/\/pgeventos.com.ar\/nueva\/#\/schema\/logo\/image\/","url":"https:\/\/pgeventos.com.ar\/nueva\/wp-content\/uploads\/2023\/10\/292509264_468587121935507_7448197559576855527_n.jpg","contentUrl":"https:\/\/pgeventos.com.ar\/nueva\/wp-content\/uploads\/2023\/10\/292509264_468587121935507_7448197559576855527_n.jpg","width":350,"height":224,"caption":"Salones de Fiestas en Rosario"},"image":{"@id":"https:\/\/pgeventos.com.ar\/nueva\/#\/schema\/logo\/image\/"},"sameAs":["https:\/\/www.facebook.com\/profile.php?id=100063526689790"]}]}},"_links":{"self":[{"href":"https:\/\/pgeventos.com.ar\/nueva\/wp-json\/wp\/v2\/pages\/1212","targetHints":{"allow":["GET"]}}],"collection":[{"href":"https:\/\/pgeventos.com.ar\/nueva\/wp-json\/wp\/v2\/pages"}],"about":[{"href":"https:\/\/pgeventos.com.ar\/nueva\/wp-json\/wp\/v2\/types\/page"}],"author":[{"embeddable":true,"href":"https:\/\/pgeventos.com.ar\/nueva\/wp-json\/wp\/v2\/users\/1"}],"replies":[{"embeddable":true,"href":"https:\/\/pgeventos.com.ar\/nueva\/wp-json\/wp\/v2\/comments?post=1212"}],"version-history":[{"count":22,"href":"https:\/\/pgeventos.com.ar\/nueva\/wp-json\/wp\/v2\/pages\/1212\/revisions"}],"predecessor-version":[{"id":1438,"href":"https:\/\/pgeventos.com.ar\/nueva\/wp-json\/wp\/v2\/pages\/1212\/revisions\/1438"}],"wp:attachment":[{"href":"https:\/\/pgeventos.com.ar\/nueva\/wp-json\/wp\/v2\/media?parent=1212"}],"curies":[{"name":"wp","href":"https:\/\/api.w.org\/{rel}","templated":true}]}}