{"id":1366,"date":"2022-07-11T13:27:37","date_gmt":"2022-07-11T16:27:37","guid":{"rendered":"https:\/\/pgeventos.com.ar\/nueva\/?page_id=1366"},"modified":"2022-07-11T13:33:44","modified_gmt":"2022-07-11T16:33:44","slug":"servicios","status":"publish","type":"page","link":"https:\/\/pgeventos.com.ar\/nueva\/servicios\/","title":{"rendered":"Servicios"},"content":{"rendered":"<div class=\"wpb-content-wrapper\"><p>[vc_row padding_top=&#8221;0&#8243; padding_bottom=&#8221;0&#8243;][vc_column][vc_column_text]<\/p>\n<p class=\"textogeneral\"><strong>Fotograf\u00edas y Filmaci\u00f3n:<\/strong><\/p>\n<p>En Plaza Group disponemos de los mejores profesionales de rosario, con el equipo tecnico y humano capacitado, para que ustedes sean los protagonistas de su fiesta y disfruten, mientras nosotros nos encargamos de guardar los mejores momentos previos y durante la noche en el sal\u00f3n.<\/p>\n<p><strong>Ambientaci\u00f3n:<\/strong><\/p>\n<p>En Plaza Group contamos con una amplia gama de profesionales de Rosario, para dise\u00f1ar la ambientaci\u00f3n tu fiesta, creando ambientes y espacios inimaginables dentro del sal\u00f3n, logrando de esta manera hacer realidad tus sue\u00f1os.<\/p>\n<p><strong>Shows en vivo:<\/strong><\/p>\n<p>En Plaza Group disponemos de diferentes alternativas que se ajustan a cada necesidad. Contamos con un amplio staff de artistas y shows de la ciudad de rosario, con los mas variados repertorios para animar su fiesta.[\/vc_column_text][\/vc_column][\/vc_row][vc_row margin_top=&#8221;0&#8243;][vc_column][vc_column_text css=&#8221;.vc_custom_1657557182719{padding-top: 30px !important;}&#8221;]<\/p>\n\n        <style type='text\/css'>\n            #gallery-1 .gallery-item {\n                float: left;\n                text-align: center;\n                width: 25%;\n                margin-bottom:0;\n            }\n            #gallery-1 img {\n            }\n            #gallery-1 .gallery-caption {\n                margin-left: 0;\n            }\n        <\/style>\n        <script type='text\/javascript'>\n        \tjQuery(document).ready(function() {\n\t\t\t\tjQuery('.galleryid-1366').magnificPopup({\n\t\t\t\t\tdelegate: '.gallery-item a',\n\t\t\t\t\ttype: 'image',\n\t\t\t\t\tgallery:{\n\t\t\t\t\t\tenabled:true\n\t\t\t\t\t},\n\t\t\t\t\tzoom: {\n\t\t\t\t\t\tenabled:true\n\t\t\t\t\t}\n\t\t\t\t});\n\t\t\t});\n        <\/script>\n\t\t<div id='gallery-1' class='gallery galleryid-1366 gallery-columns-4 gallery-size-medium-thumb gallery-lightbox'><dl class='gallery-item'>\n            <dt class='gallery-icon'>\n                <a title=\"Sal\u00f3n de Fiestas Rosario\" href='https:\/\/pgeventos.com.ar\/nueva\/wp-content\/uploads\/2022\/07\/salon_0030_beautiful-colorful-firework-display-at-night-for-celebrate.jpg'><img loading=\"lazy\" decoding=\"async\" width=\"500\" height=\"300\" src=\"https:\/\/pgeventos.com.ar\/nueva\/wp-content\/uploads\/2022\/07\/salon_0030_beautiful-colorful-firework-display-at-night-for-celebrate-500x300.jpg\" class=\"attachment-medium-thumb size-medium-thumb\" alt=\"Sal\u00f3n de Fiestas Rosario\" \/><\/a>\n            <\/dt>\n                <dd class='wp-caption-text gallery-caption'>\n                Sal\u00f3n de Fiestas Rosario\n                <\/dd><\/dl><dl class='gallery-item'>\n            <dt class='gallery-icon'>\n                <a title=\"Sal\u00f3n de Fiestas Rosario\" href='https:\/\/pgeventos.com.ar\/nueva\/wp-content\/uploads\/2022\/07\/4.jpg'><img loading=\"lazy\" decoding=\"async\" width=\"500\" height=\"300\" src=\"https:\/\/pgeventos.com.ar\/nueva\/wp-content\/uploads\/2022\/07\/4-500x300.jpg\" class=\"attachment-medium-thumb size-medium-thumb\" alt=\"Sal\u00f3n de Fiestas Rosario\" \/><\/a>\n            <\/dt>\n                <dd class='wp-caption-text gallery-caption'>\n                Sal\u00f3n de Fiestas Rosario\n                <\/dd><\/dl><dl class='gallery-item'>\n            <dt class='gallery-icon'>\n                <a title=\"Sal\u00f3n de Fiestas Rosario\" href='https:\/\/pgeventos.com.ar\/nueva\/wp-content\/uploads\/2022\/07\/salon_0016_people-having-fun-at-the-wedding-hall.jpg'><img loading=\"lazy\" decoding=\"async\" width=\"500\" height=\"300\" src=\"https:\/\/pgeventos.com.ar\/nueva\/wp-content\/uploads\/2022\/07\/salon_0016_people-having-fun-at-the-wedding-hall-500x300.jpg\" class=\"attachment-medium-thumb size-medium-thumb\" alt=\"Sal\u00f3n de Fiestas Rosario\" \/><\/a>\n            <\/dt>\n                <dd class='wp-caption-text gallery-caption'>\n                Sal\u00f3n de Fiestas Rosario\n                <\/dd><\/dl><dl class='gallery-item'>\n            <dt class='gallery-icon'>\n                <a title=\"Sal\u00f3n de Fiestas Rosario\" href='https:\/\/pgeventos.com.ar\/nueva\/wp-content\/uploads\/2022\/07\/salon_0029_bunch-of-flowers-and-leaves-on-table.jpg'><img loading=\"lazy\" decoding=\"async\" width=\"500\" height=\"300\" src=\"https:\/\/pgeventos.com.ar\/nueva\/wp-content\/uploads\/2022\/07\/salon_0029_bunch-of-flowers-and-leaves-on-table-500x300.jpg\" class=\"attachment-medium-thumb size-medium-thumb\" alt=\"Sal\u00f3n de Fiestas Rosario\" \/><\/a>\n            <\/dt>\n                <dd class='wp-caption-text gallery-caption'>\n                Sal\u00f3n de Fiestas Rosario\n                <\/dd><\/dl><div class=\"clear\"><\/div><dl class='gallery-item'>\n            <dt class='gallery-icon'>\n                <a title=\"Sal\u00f3n de Fiestas Rosario\" href='https:\/\/pgeventos.com.ar\/nueva\/wp-content\/uploads\/2022\/07\/salon_0009_35-1024x768-1.jpg'><img loading=\"lazy\" decoding=\"async\" width=\"500\" height=\"300\" src=\"https:\/\/pgeventos.com.ar\/nueva\/wp-content\/uploads\/2022\/07\/salon_0009_35-1024x768-1-500x300.jpg\" class=\"attachment-medium-thumb size-medium-thumb\" alt=\"Sal\u00f3n de Fiestas Rosario\" \/><\/a>\n            <\/dt>\n                <dd class='wp-caption-text gallery-caption'>\n                Sal\u00f3n de Fiestas Rosario\n                <\/dd><\/dl><dl class='gallery-item'>\n            <dt class='gallery-icon'>\n                <a title=\"Sal\u00f3n de Fiestas Rosario\" href='https:\/\/pgeventos.com.ar\/nueva\/wp-content\/uploads\/2022\/07\/salon_0004_274535080_2175650742595361_2817269493205629404_n.jpg'><img loading=\"lazy\" decoding=\"async\" width=\"500\" height=\"300\" src=\"https:\/\/pgeventos.com.ar\/nueva\/wp-content\/uploads\/2022\/07\/salon_0004_274535080_2175650742595361_2817269493205629404_n-500x300.jpg\" class=\"attachment-medium-thumb size-medium-thumb\" alt=\"Sal\u00f3n de Fiestas Rosario\" \/><\/a>\n            <\/dt>\n                <dd class='wp-caption-text gallery-caption'>\n                Sal\u00f3n de Fiestas Rosario\n                <\/dd><\/dl><dl class='gallery-item'>\n            <dt class='gallery-icon'>\n                <a title=\"Sal\u00f3n de Fiestas Rosario\" href='https:\/\/pgeventos.com.ar\/nueva\/wp-content\/uploads\/2022\/07\/2.jpg'><img loading=\"lazy\" decoding=\"async\" width=\"500\" height=\"300\" src=\"https:\/\/pgeventos.com.ar\/nueva\/wp-content\/uploads\/2022\/07\/2-500x300.jpg\" class=\"attachment-medium-thumb size-medium-thumb\" alt=\"Sal\u00f3n de Fiestas Rosario\" \/><\/a>\n            <\/dt>\n                <dd class='wp-caption-text gallery-caption'>\n                Sal\u00f3n de Fiestas Rosario\n                <\/dd><\/dl><dl class='gallery-item'>\n            <dt class='gallery-icon'>\n                <a title=\"Sal\u00f3n de Fiestas Rosario\" href='https:\/\/pgeventos.com.ar\/nueva\/wp-content\/uploads\/2022\/07\/salon_0024_glam-of-the-perfect-setting-tableware-and-appliances.jpg'><img loading=\"lazy\" decoding=\"async\" width=\"500\" height=\"300\" src=\"https:\/\/pgeventos.com.ar\/nueva\/wp-content\/uploads\/2022\/07\/salon_0024_glam-of-the-perfect-setting-tableware-and-appliances-500x300.jpg\" class=\"attachment-medium-thumb size-medium-thumb\" alt=\"Sal\u00f3n de Fiestas Rosario\" \/><\/a>\n            <\/dt>\n                <dd class='wp-caption-text gallery-caption'>\n                Sal\u00f3n de Fiestas Rosario\n                <\/dd><\/dl><div class=\"clear\"><\/div><dl class='gallery-item'>\n            <dt class='gallery-icon'>\n                <a title=\"Sal\u00f3n de Fiestas Rosario\" href='https:\/\/pgeventos.com.ar\/nueva\/wp-content\/uploads\/2022\/07\/salon_0022_happy-friends-singing-karaoke-together.jpg'><img loading=\"lazy\" decoding=\"async\" width=\"500\" height=\"300\" src=\"https:\/\/pgeventos.com.ar\/nueva\/wp-content\/uploads\/2022\/07\/salon_0022_happy-friends-singing-karaoke-together-500x300.jpg\" class=\"attachment-medium-thumb size-medium-thumb\" alt=\"Sal\u00f3n de Fiestas Rosario\" \/><\/a>\n            <\/dt>\n                <dd class='wp-caption-text gallery-caption'>\n                Sal\u00f3n de Fiestas Rosario\n                <\/dd><\/dl><dl class='gallery-item'>\n            <dt class='gallery-icon'>\n                <a title=\"Salones de Fiesta\" href='https:\/\/pgeventos.com.ar\/nueva\/wp-content\/uploads\/2022\/07\/salon_0014_sensual-woman-in-red-trendy-dress-happy-laughing-while-her-female-friend-posing-with-kissing-face-expression.jpg'><img loading=\"lazy\" decoding=\"async\" width=\"500\" height=\"300\" src=\"https:\/\/pgeventos.com.ar\/nueva\/wp-content\/uploads\/2022\/07\/salon_0014_sensual-woman-in-red-trendy-dress-happy-laughing-while-her-female-friend-posing-with-kissing-face-expression-500x300.jpg\" class=\"attachment-medium-thumb size-medium-thumb\" alt=\"Salones de Fiesta\" \/><\/a>\n            <\/dt>\n                <dd class='wp-caption-text gallery-caption'>\n                Salones de Fiesta\n                <\/dd><\/dl><dl class='gallery-item'>\n            <dt class='gallery-icon'>\n                <a title=\"Sal\u00f3n de Fiestas Rosario\" href='https:\/\/pgeventos.com.ar\/nueva\/wp-content\/uploads\/2022\/07\/salon_0018_nightlife-people-having-fun-in-bars-and-clubs.jpg'><img loading=\"lazy\" decoding=\"async\" width=\"500\" height=\"300\" src=\"https:\/\/pgeventos.com.ar\/nueva\/wp-content\/uploads\/2022\/07\/salon_0018_nightlife-people-having-fun-in-bars-and-clubs-500x300.jpg\" class=\"attachment-medium-thumb size-medium-thumb\" alt=\"Sal\u00f3n de Fiestas Rosario\" \/><\/a>\n            <\/dt>\n                <dd class='wp-caption-text gallery-caption'>\n                Sal\u00f3n de Fiestas Rosario\n                <\/dd><\/dl><dl class='gallery-item'>\n            <dt class='gallery-icon'>\n                <a title=\"Sal\u00f3n de Fiestas Rosario\" href='https:\/\/pgeventos.com.ar\/nueva\/wp-content\/uploads\/2022\/07\/salon_0025_dancing-people-in-club.jpg'><img loading=\"lazy\" decoding=\"async\" width=\"500\" height=\"300\" src=\"https:\/\/pgeventos.com.ar\/nueva\/wp-content\/uploads\/2022\/07\/salon_0025_dancing-people-in-club-500x300.jpg\" class=\"attachment-medium-thumb size-medium-thumb\" alt=\"Sal\u00f3n de Fiestas Rosario\" \/><\/a>\n            <\/dt>\n                <dd class='wp-caption-text gallery-caption'>\n                Sal\u00f3n de Fiestas Rosario\n                <\/dd><\/dl><div class=\"clear\"><\/div>\n            <div class=\"clear\"><\/div>\n        <\/div>\n\n<p>[\/vc_column_text][\/vc_column][\/vc_row]<\/p>\n<\/div>","protected":false},"excerpt":{"rendered":"<p>[vc_row padding_top=&#8221;0&#8243; padding_bottom=&#8221;0&#8243;][vc_column][vc_column_text] Fotograf\u00edas y Filmaci\u00f3n: En Plaza Group disponemos de los mejores profesionales de rosario, con el equipo tecnico y humano capacitado, para que ustedes sean los protagonistas de su fiesta y disfruten, mientras nosotros nos encargamos de guardar los mejores momentos previos y durante la noche en el sal\u00f3n. Ambientaci\u00f3n: En Plaza Group [&hellip;]<\/p>\n","protected":false},"author":1,"featured_media":0,"parent":0,"menu_order":3,"comment_status":"closed","ping_status":"closed","template":"","meta":{"_joinchat":[],"footnotes":""},"class_list":["post-1366","page","type-page","status-publish","hentry"],"yoast_head":"<!-- This site is optimized with the Yoast SEO plugin v27.4 - https:\/\/yoast.com\/product\/yoast-seo-wordpress\/ -->\n<title>Servicios - PG Eventos<\/title>\n<meta name=\"robots\" content=\"index, follow, max-snippet:-1, max-image-preview:large, max-video-preview:-1\" \/>\n<link rel=\"canonical\" href=\"https:\/\/pgeventos.com.ar\/nueva\/servicios\/\" \/>\n<meta property=\"og:locale\" content=\"es_ES\" \/>\n<meta property=\"og:type\" content=\"article\" \/>\n<meta property=\"og:title\" content=\"Servicios - PG Eventos\" \/>\n<meta property=\"og:description\" content=\"[vc_row padding_top=&#8221;0&#8243; padding_bottom=&#8221;0&#8243;][vc_column][vc_column_text] Fotograf\u00edas y Filmaci\u00f3n: En Plaza Group disponemos de los mejores profesionales de rosario, con el equipo tecnico y humano capacitado, para que ustedes sean los protagonistas de su fiesta y disfruten, mientras nosotros nos encargamos de guardar los mejores momentos previos y durante la noche en el sal\u00f3n. Ambientaci\u00f3n: En Plaza Group [&hellip;]\" \/>\n<meta property=\"og:url\" content=\"https:\/\/pgeventos.com.ar\/nueva\/servicios\/\" \/>\n<meta property=\"og:site_name\" content=\"PG Eventos\" \/>\n<meta property=\"article:publisher\" content=\"https:\/\/www.facebook.com\/profile.php?id=100063526689790\" \/>\n<meta property=\"article:modified_time\" content=\"2022-07-11T16:33:44+00:00\" \/>\n<meta property=\"og:image\" content=\"https:\/\/pgeventos.com.ar\/nueva\/wp-content\/uploads\/2022\/07\/salon_0004_274535080_2175650742595361_2817269493205629404_n-500x300.jpg\" \/>\n<meta name=\"twitter:card\" content=\"summary_large_image\" \/>\n<meta name=\"twitter:label1\" content=\"Tiempo de lectura\" \/>\n\t<meta name=\"twitter:data1\" content=\"1 minuto\" \/>\n<script type=\"application\/ld+json\" class=\"yoast-schema-graph\">{\"@context\":\"https:\\\/\\\/schema.org\",\"@graph\":[{\"@type\":\"WebPage\",\"@id\":\"https:\\\/\\\/pgeventos.com.ar\\\/nueva\\\/servicios\\\/\",\"url\":\"https:\\\/\\\/pgeventos.com.ar\\\/nueva\\\/servicios\\\/\",\"name\":\"Servicios - PG Eventos\",\"isPartOf\":{\"@id\":\"https:\\\/\\\/pgeventos.com.ar\\\/nueva\\\/#website\"},\"datePublished\":\"2022-07-11T16:27:37+00:00\",\"dateModified\":\"2022-07-11T16:33:44+00:00\",\"breadcrumb\":{\"@id\":\"https:\\\/\\\/pgeventos.com.ar\\\/nueva\\\/servicios\\\/#breadcrumb\"},\"inLanguage\":\"es-AR\",\"potentialAction\":[{\"@type\":\"ReadAction\",\"target\":[\"https:\\\/\\\/pgeventos.com.ar\\\/nueva\\\/servicios\\\/\"]}]},{\"@type\":\"BreadcrumbList\",\"@id\":\"https:\\\/\\\/pgeventos.com.ar\\\/nueva\\\/servicios\\\/#breadcrumb\",\"itemListElement\":[{\"@type\":\"ListItem\",\"position\":1,\"name\":\"Inicio\",\"item\":\"https:\\\/\\\/pgeventos.com.ar\\\/nueva\\\/\"},{\"@type\":\"ListItem\",\"position\":2,\"name\":\"Servicios\"}]},{\"@type\":\"WebSite\",\"@id\":\"https:\\\/\\\/pgeventos.com.ar\\\/nueva\\\/#website\",\"url\":\"https:\\\/\\\/pgeventos.com.ar\\\/nueva\\\/\",\"name\":\"PG Eventos - Sal\u00f3n de Fiestas Rosario\",\"description\":\"\",\"publisher\":{\"@id\":\"https:\\\/\\\/pgeventos.com.ar\\\/nueva\\\/#organization\"},\"alternateName\":\"Sal\u00f3n de Fiestas Rosario\",\"potentialAction\":[{\"@type\":\"SearchAction\",\"target\":{\"@type\":\"EntryPoint\",\"urlTemplate\":\"https:\\\/\\\/pgeventos.com.ar\\\/nueva\\\/?s={search_term_string}\"},\"query-input\":{\"@type\":\"PropertyValueSpecification\",\"valueRequired\":true,\"valueName\":\"search_term_string\"}}],\"inLanguage\":\"es-AR\"},{\"@type\":\"Organization\",\"@id\":\"https:\\\/\\\/pgeventos.com.ar\\\/nueva\\\/#organization\",\"name\":\"Salones de Fiestas en Rosario\",\"url\":\"https:\\\/\\\/pgeventos.com.ar\\\/nueva\\\/\",\"logo\":{\"@type\":\"ImageObject\",\"inLanguage\":\"es-AR\",\"@id\":\"https:\\\/\\\/pgeventos.com.ar\\\/nueva\\\/#\\\/schema\\\/logo\\\/image\\\/\",\"url\":\"https:\\\/\\\/pgeventos.com.ar\\\/nueva\\\/wp-content\\\/uploads\\\/2023\\\/10\\\/292509264_468587121935507_7448197559576855527_n.jpg\",\"contentUrl\":\"https:\\\/\\\/pgeventos.com.ar\\\/nueva\\\/wp-content\\\/uploads\\\/2023\\\/10\\\/292509264_468587121935507_7448197559576855527_n.jpg\",\"width\":350,\"height\":224,\"caption\":\"Salones de Fiestas en Rosario\"},\"image\":{\"@id\":\"https:\\\/\\\/pgeventos.com.ar\\\/nueva\\\/#\\\/schema\\\/logo\\\/image\\\/\"},\"sameAs\":[\"https:\\\/\\\/www.facebook.com\\\/profile.php?id=100063526689790\"]}]}<\/script>\n<!-- \/ Yoast SEO plugin. -->","yoast_head_json":{"title":"Servicios - PG Eventos","robots":{"index":"index","follow":"follow","max-snippet":"max-snippet:-1","max-image-preview":"max-image-preview:large","max-video-preview":"max-video-preview:-1"},"canonical":"https:\/\/pgeventos.com.ar\/nueva\/servicios\/","og_locale":"es_ES","og_type":"article","og_title":"Servicios - PG Eventos","og_description":"[vc_row padding_top=&#8221;0&#8243; padding_bottom=&#8221;0&#8243;][vc_column][vc_column_text] Fotograf\u00edas y Filmaci\u00f3n: En Plaza Group disponemos de los mejores profesionales de rosario, con el equipo tecnico y humano capacitado, para que ustedes sean los protagonistas de su fiesta y disfruten, mientras nosotros nos encargamos de guardar los mejores momentos previos y durante la noche en el sal\u00f3n. Ambientaci\u00f3n: En Plaza Group [&hellip;]","og_url":"https:\/\/pgeventos.com.ar\/nueva\/servicios\/","og_site_name":"PG Eventos","article_publisher":"https:\/\/www.facebook.com\/profile.php?id=100063526689790","article_modified_time":"2022-07-11T16:33:44+00:00","og_image":[{"url":"https:\/\/pgeventos.com.ar\/nueva\/wp-content\/uploads\/2022\/07\/salon_0004_274535080_2175650742595361_2817269493205629404_n-500x300.jpg","type":"","width":"","height":""}],"twitter_card":"summary_large_image","twitter_misc":{"Tiempo de lectura":"1 minuto"},"schema":{"@context":"https:\/\/schema.org","@graph":[{"@type":"WebPage","@id":"https:\/\/pgeventos.com.ar\/nueva\/servicios\/","url":"https:\/\/pgeventos.com.ar\/nueva\/servicios\/","name":"Servicios - PG Eventos","isPartOf":{"@id":"https:\/\/pgeventos.com.ar\/nueva\/#website"},"datePublished":"2022-07-11T16:27:37+00:00","dateModified":"2022-07-11T16:33:44+00:00","breadcrumb":{"@id":"https:\/\/pgeventos.com.ar\/nueva\/servicios\/#breadcrumb"},"inLanguage":"es-AR","potentialAction":[{"@type":"ReadAction","target":["https:\/\/pgeventos.com.ar\/nueva\/servicios\/"]}]},{"@type":"BreadcrumbList","@id":"https:\/\/pgeventos.com.ar\/nueva\/servicios\/#breadcrumb","itemListElement":[{"@type":"ListItem","position":1,"name":"Inicio","item":"https:\/\/pgeventos.com.ar\/nueva\/"},{"@type":"ListItem","position":2,"name":"Servicios"}]},{"@type":"WebSite","@id":"https:\/\/pgeventos.com.ar\/nueva\/#website","url":"https:\/\/pgeventos.com.ar\/nueva\/","name":"PG Eventos - Sal\u00f3n de Fiestas Rosario","description":"","publisher":{"@id":"https:\/\/pgeventos.com.ar\/nueva\/#organization"},"alternateName":"Sal\u00f3n de Fiestas Rosario","potentialAction":[{"@type":"SearchAction","target":{"@type":"EntryPoint","urlTemplate":"https:\/\/pgeventos.com.ar\/nueva\/?s={search_term_string}"},"query-input":{"@type":"PropertyValueSpecification","valueRequired":true,"valueName":"search_term_string"}}],"inLanguage":"es-AR"},{"@type":"Organization","@id":"https:\/\/pgeventos.com.ar\/nueva\/#organization","name":"Salones de Fiestas en Rosario","url":"https:\/\/pgeventos.com.ar\/nueva\/","logo":{"@type":"ImageObject","inLanguage":"es-AR","@id":"https:\/\/pgeventos.com.ar\/nueva\/#\/schema\/logo\/image\/","url":"https:\/\/pgeventos.com.ar\/nueva\/wp-content\/uploads\/2023\/10\/292509264_468587121935507_7448197559576855527_n.jpg","contentUrl":"https:\/\/pgeventos.com.ar\/nueva\/wp-content\/uploads\/2023\/10\/292509264_468587121935507_7448197559576855527_n.jpg","width":350,"height":224,"caption":"Salones de Fiestas en Rosario"},"image":{"@id":"https:\/\/pgeventos.com.ar\/nueva\/#\/schema\/logo\/image\/"},"sameAs":["https:\/\/www.facebook.com\/profile.php?id=100063526689790"]}]}},"_links":{"self":[{"href":"https:\/\/pgeventos.com.ar\/nueva\/wp-json\/wp\/v2\/pages\/1366","targetHints":{"allow":["GET"]}}],"collection":[{"href":"https:\/\/pgeventos.com.ar\/nueva\/wp-json\/wp\/v2\/pages"}],"about":[{"href":"https:\/\/pgeventos.com.ar\/nueva\/wp-json\/wp\/v2\/types\/page"}],"author":[{"embeddable":true,"href":"https:\/\/pgeventos.com.ar\/nueva\/wp-json\/wp\/v2\/users\/1"}],"replies":[{"embeddable":true,"href":"https:\/\/pgeventos.com.ar\/nueva\/wp-json\/wp\/v2\/comments?post=1366"}],"version-history":[{"count":7,"href":"https:\/\/pgeventos.com.ar\/nueva\/wp-json\/wp\/v2\/pages\/1366\/revisions"}],"predecessor-version":[{"id":1374,"href":"https:\/\/pgeventos.com.ar\/nueva\/wp-json\/wp\/v2\/pages\/1366\/revisions\/1374"}],"wp:attachment":[{"href":"https:\/\/pgeventos.com.ar\/nueva\/wp-json\/wp\/v2\/media?parent=1366"}],"curies":[{"name":"wp","href":"https:\/\/api.w.org\/{rel}","templated":true}]}}