{"id":1375,"date":"2022-07-11T13:36:03","date_gmt":"2022-07-11T16:36:03","guid":{"rendered":"https:\/\/pgeventos.com.ar\/nueva\/?page_id=1375"},"modified":"2022-07-11T18:17:23","modified_gmt":"2022-07-11T21:17:23","slug":"consejos","status":"publish","type":"page","link":"https:\/\/pgeventos.com.ar\/nueva\/consejos\/","title":{"rendered":"Consejos"},"content":{"rendered":"<div class=\"wpb-content-wrapper\"><p>[vc_row padding_top=&#8221;0&#8243; padding_bottom=&#8221;0&#8243;][vc_column][vc_column_text]El tiempo ideal para comenzar con la organizaci\u00f3n y planificaci\u00f3n, pudiendo as\u00ed conseguir contratar determinados servicios, es de aproximadamente un a\u00f1o de antelaci\u00f3n. Ese es el momento de comenzar a pedir los primeros presupuestos y consultar las disponibilidades en los proveedores que queremos elegir.<\/p>\n<p><em>B\u00e1sicamente, los proveedores que tienen que comenzar a buscar son:<\/em><\/p>\n<p><strong>El sal\u00f3n:<\/strong> Primero tienen que elegir si la fiesta se realizar\u00e1 durante el d\u00eda o la noche, ya que las posibilidades de elecci\u00f3n son muchas (salones, hoteles, quintas, estancias, etc.), tener un aproximado de la fecha estimativa a realizarse y la cantidad de invitados deseada, y a partir de eso, filtramos un mont\u00f3n de lugares y seleccionamos entre los que m\u00e1s se adaptan a estos requerimientos.<\/p>\n<p><strong>Catering:<\/strong> En la mayor\u00eda de los salones, ya tienen su propio servicio de catering y este no puede ser elegido entre todas las posibilidades reales que existen en Rosario. De todas formas, la comida y la bebida cada vez son elegidos de forma m\u00e1s personalizada, ya no se contratan exclusivamente la t\u00edpica entrada, el plato principal, el postre y la mesa dulce.<\/p>\n<p><strong>Organizador de eventos \/ Wedding Planner:<\/strong> Es opcional contratarlo, pero su trabajo es muy importante y valioso. Consiste en asesorar a los novios en absolutamente todo; adem\u00e1s, se encarga desde la planificaci\u00f3n general con actividades y fechas l\u00edmites para que los novios tomen decisiones, de la b\u00fasqueda de presupuestos, de los contratos y esto alivia mucho a los novios, dej\u00e1ndole a ellos el lugar de tranquilidad, felicidad y espacio para poder crear, elegir y disfrutar. Es importante que los novios tengan afinidad con la persona que ocupar\u00e1 este rol, ya que, a medida que nos acerquemos a la fecha del casamiento, las horas compartidas ser\u00e1n muchas. Lo ideal es contratar a una persona o empresa id\u00f3nea en esta actividad, con experiencia y estudios sobre esta actividad.<\/p>\n<p><strong>El vestido de novia y el traje del novio:<\/strong> La variedad en rosario es ilimitada. La imaginaci\u00f3n y propuestas son infinitas. La vestimenta se puede hacer a medida o no, se puede comprar o alquilar.<\/p>\n<p><strong>Disc Jockey \/ iluminador:<\/strong> Puede que uno no lo sienta como prioridad, pero la m\u00fasica y la iluminaci\u00f3n representan un punto determinante a la hora de elegir qu\u00e9 servicio contratar, ya que nos acompa\u00f1ar\u00e1n durante toda la fiesta. En general, puede llegar a costarnos el 20% del total del presupuesto que disponemos para una boda. Los DJ, se adaptan al pedido de los novios, es un servicio totalmente personalizado. Previamente se seleccionan los tipos de m\u00fasica que se querr\u00e1 escuchar en los distintos momentos de la noche. Normalmente es un servicio que junto con las luces est\u00e1 a cargo de los salones.<\/p>\n<p><strong>Fot\u00f3grafo y video:<\/strong> Tener un recuerdo de este momento tan importante, es tan necesario como planear lo que suceder\u00e1 en el transcurso de la fiesta. A nadie le gustar\u00eda depender de &#8220;si las fotos salieron movidas por la poca luz&#8221; o sentarse a esperar que si nuestros amigos o familiares nos env\u00edan las fotos que tomaron esa noche. Por este motivo lo mejor es contratar un fot\u00f3grafo y\/o un camar\u00f3grafo profesional, para que los invitados se dediquen a disfrutar de la fiesta tanto como los novios. Hoy en d\u00eda, gracias a las nuevas tecnolog\u00edas, los fot\u00f3grafos aplican nuevas alternativas, como el armado de un video para la fiesta, el armar un album de fotos online, llevar m\u00e1quinas tipo kodak para imprimir algunas fotos durante la fiesta, etc, etc.<\/p>\n<p><strong>Ambientador:<\/strong> Este servicio no siempre se contrata para un evento social, ya que nos puede encarecer mucho el presupuesto, y el rol de ambientador, r\u00e1pidamente podr\u00eda ser suplantado por el sal\u00f3n, que ya dispone de determinados elementos o por el organizador en conjunto con los novios, De todas formas, el toque profesional que un ambientador o decorador para un casamiento, le puede dar una distinci\u00f3n y jerarqu\u00eda a la fiesta muy distinta a si ambientamos con lo que tenemos o como se nos ocurre.<\/p>\n<p><strong>Transporte \/ Auto:<\/strong> En general, la novia con el padrino llegan en un transporte especialmente alquilado para la ocasi\u00f3n. Existen empresas que alquilan autos de \u00e9poca, modernos o antiguos, con chofer y que se ocupan del traslado tanto a la iglesia como luego al sal\u00f3n. Otro punto importante es considerar, si la gente debe trasladarse, tratar de proveer esto de acuerdo a la distancia y movilidad de los invitados.<\/p>\n<p><strong>Espect\u00e1culos:<\/strong> Durante la fiesta, m\u00e1s all\u00e1 de las tradiciones y actos solemnes que se quieran realizar, siempre de acuerdo al presupuesto y al gusto de los novios e invitados, se puede elegir contratar como plus, alg\u00fan show que a los novios les guste. Muchos artistas, a trav\u00e9s de representantes, ponen sus participaciones al servicio de los novios que quieran contratarlos. Dentro de este rubro entran los cantantes, bailarines, actores, magos, caricaturistas, conductores, etc.<\/p>\n<p><strong>Cotill\u00f3n:<\/strong> El cotill\u00f3n es el que se elige para alg\u00fan momento avanzado de la noche en donde los invitados, danzando al ritmo del carnaval carioca, bailan y se divierten un buen rato. El cotill\u00f3n cada vez es m\u00e1s tem\u00e1tico, hoy en d\u00eda se utiliza tambi\u00e9n el carnaval veneciano, como para variar e innovar. Existen grandes empresas de cotill\u00f3n, y otras m\u00e1s peque\u00f1as, que arman los paquetes de una forma m\u00e1s personalizada. Hoy en d\u00eda, hay mucha variedad, ya que existe el cotill\u00f3n tradicional, el luminoso, el fluo, inflable de los a\u00f1os \u00b460, pirata, entre muchas otras posibilidades. Tambi\u00e9n se suelen personalizar los sombreros.<\/p>\n<p><strong>La lista de servicios es larga y contin\u00faa:<\/strong> las invitaciones, los souvenirs, joyer\u00eda, maquillaje, lista de casamiento, agencia de viajes para la luna de miel.[\/vc_column_text][\/vc_column][\/vc_row]<\/p>\n<\/div>","protected":false},"excerpt":{"rendered":"<p>[vc_row padding_top=&#8221;0&#8243; padding_bottom=&#8221;0&#8243;][vc_column][vc_column_text]El tiempo ideal para comenzar con la organizaci\u00f3n y planificaci\u00f3n, pudiendo as\u00ed conseguir contratar determinados servicios, es de aproximadamente un a\u00f1o de antelaci\u00f3n. Ese es el momento de comenzar a pedir los primeros presupuestos y consultar las disponibilidades en los proveedores que queremos elegir. B\u00e1sicamente, los proveedores que tienen que comenzar a buscar [&hellip;]<\/p>\n","protected":false},"author":1,"featured_media":0,"parent":0,"menu_order":9,"comment_status":"closed","ping_status":"closed","template":"","meta":{"_joinchat":[],"footnotes":""},"class_list":["post-1375","page","type-page","status-publish","hentry"],"yoast_head":"<!-- This site is optimized with the Yoast SEO plugin v27.4 - https:\/\/yoast.com\/product\/yoast-seo-wordpress\/ -->\n<title>Consejos - PG Eventos<\/title>\n<meta name=\"robots\" content=\"index, follow, max-snippet:-1, max-image-preview:large, max-video-preview:-1\" \/>\n<link rel=\"canonical\" href=\"https:\/\/pgeventos.com.ar\/nueva\/consejos\/\" \/>\n<meta property=\"og:locale\" content=\"es_ES\" \/>\n<meta property=\"og:type\" content=\"article\" \/>\n<meta property=\"og:title\" content=\"Consejos - PG Eventos\" \/>\n<meta property=\"og:description\" content=\"[vc_row padding_top=&#8221;0&#8243; padding_bottom=&#8221;0&#8243;][vc_column][vc_column_text]El tiempo ideal para comenzar con la organizaci\u00f3n y planificaci\u00f3n, pudiendo as\u00ed conseguir contratar determinados servicios, es de aproximadamente un a\u00f1o de antelaci\u00f3n. Ese es el momento de comenzar a pedir los primeros presupuestos y consultar las disponibilidades en los proveedores que queremos elegir. B\u00e1sicamente, los proveedores que tienen que comenzar a buscar [&hellip;]\" \/>\n<meta property=\"og:url\" content=\"https:\/\/pgeventos.com.ar\/nueva\/consejos\/\" \/>\n<meta property=\"og:site_name\" content=\"PG Eventos\" \/>\n<meta property=\"article:publisher\" content=\"https:\/\/www.facebook.com\/profile.php?id=100063526689790\" \/>\n<meta property=\"article:modified_time\" content=\"2022-07-11T21:17:23+00:00\" \/>\n<meta property=\"og:image\" content=\"https:\/\/pgeventos.com.ar\/nueva\/wp-content\/uploads\/2023\/10\/292509264_468587121935507_7448197559576855527_n.jpg\" \/>\n\t<meta property=\"og:image:width\" content=\"350\" \/>\n\t<meta property=\"og:image:height\" content=\"224\" \/>\n\t<meta property=\"og:image:type\" content=\"image\/jpeg\" \/>\n<meta name=\"twitter:card\" content=\"summary_large_image\" \/>\n<meta name=\"twitter:label1\" content=\"Tiempo de lectura\" \/>\n\t<meta name=\"twitter:data1\" content=\"5 minutos\" \/>\n<script type=\"application\/ld+json\" class=\"yoast-schema-graph\">{\"@context\":\"https:\\\/\\\/schema.org\",\"@graph\":[{\"@type\":\"WebPage\",\"@id\":\"https:\\\/\\\/pgeventos.com.ar\\\/nueva\\\/consejos\\\/\",\"url\":\"https:\\\/\\\/pgeventos.com.ar\\\/nueva\\\/consejos\\\/\",\"name\":\"Consejos - PG Eventos\",\"isPartOf\":{\"@id\":\"https:\\\/\\\/pgeventos.com.ar\\\/nueva\\\/#website\"},\"datePublished\":\"2022-07-11T16:36:03+00:00\",\"dateModified\":\"2022-07-11T21:17:23+00:00\",\"breadcrumb\":{\"@id\":\"https:\\\/\\\/pgeventos.com.ar\\\/nueva\\\/consejos\\\/#breadcrumb\"},\"inLanguage\":\"es-AR\",\"potentialAction\":[{\"@type\":\"ReadAction\",\"target\":[\"https:\\\/\\\/pgeventos.com.ar\\\/nueva\\\/consejos\\\/\"]}]},{\"@type\":\"BreadcrumbList\",\"@id\":\"https:\\\/\\\/pgeventos.com.ar\\\/nueva\\\/consejos\\\/#breadcrumb\",\"itemListElement\":[{\"@type\":\"ListItem\",\"position\":1,\"name\":\"Inicio\",\"item\":\"https:\\\/\\\/pgeventos.com.ar\\\/nueva\\\/\"},{\"@type\":\"ListItem\",\"position\":2,\"name\":\"Consejos\"}]},{\"@type\":\"WebSite\",\"@id\":\"https:\\\/\\\/pgeventos.com.ar\\\/nueva\\\/#website\",\"url\":\"https:\\\/\\\/pgeventos.com.ar\\\/nueva\\\/\",\"name\":\"PG Eventos - Sal\u00f3n de Fiestas Rosario\",\"description\":\"\",\"publisher\":{\"@id\":\"https:\\\/\\\/pgeventos.com.ar\\\/nueva\\\/#organization\"},\"alternateName\":\"Sal\u00f3n de Fiestas Rosario\",\"potentialAction\":[{\"@type\":\"SearchAction\",\"target\":{\"@type\":\"EntryPoint\",\"urlTemplate\":\"https:\\\/\\\/pgeventos.com.ar\\\/nueva\\\/?s={search_term_string}\"},\"query-input\":{\"@type\":\"PropertyValueSpecification\",\"valueRequired\":true,\"valueName\":\"search_term_string\"}}],\"inLanguage\":\"es-AR\"},{\"@type\":\"Organization\",\"@id\":\"https:\\\/\\\/pgeventos.com.ar\\\/nueva\\\/#organization\",\"name\":\"Salones de Fiestas en Rosario\",\"url\":\"https:\\\/\\\/pgeventos.com.ar\\\/nueva\\\/\",\"logo\":{\"@type\":\"ImageObject\",\"inLanguage\":\"es-AR\",\"@id\":\"https:\\\/\\\/pgeventos.com.ar\\\/nueva\\\/#\\\/schema\\\/logo\\\/image\\\/\",\"url\":\"https:\\\/\\\/pgeventos.com.ar\\\/nueva\\\/wp-content\\\/uploads\\\/2023\\\/10\\\/292509264_468587121935507_7448197559576855527_n.jpg\",\"contentUrl\":\"https:\\\/\\\/pgeventos.com.ar\\\/nueva\\\/wp-content\\\/uploads\\\/2023\\\/10\\\/292509264_468587121935507_7448197559576855527_n.jpg\",\"width\":350,\"height\":224,\"caption\":\"Salones de Fiestas en Rosario\"},\"image\":{\"@id\":\"https:\\\/\\\/pgeventos.com.ar\\\/nueva\\\/#\\\/schema\\\/logo\\\/image\\\/\"},\"sameAs\":[\"https:\\\/\\\/www.facebook.com\\\/profile.php?id=100063526689790\"]}]}<\/script>\n<!-- \/ Yoast SEO plugin. -->","yoast_head_json":{"title":"Consejos - PG Eventos","robots":{"index":"index","follow":"follow","max-snippet":"max-snippet:-1","max-image-preview":"max-image-preview:large","max-video-preview":"max-video-preview:-1"},"canonical":"https:\/\/pgeventos.com.ar\/nueva\/consejos\/","og_locale":"es_ES","og_type":"article","og_title":"Consejos - PG Eventos","og_description":"[vc_row padding_top=&#8221;0&#8243; padding_bottom=&#8221;0&#8243;][vc_column][vc_column_text]El tiempo ideal para comenzar con la organizaci\u00f3n y planificaci\u00f3n, pudiendo as\u00ed conseguir contratar determinados servicios, es de aproximadamente un a\u00f1o de antelaci\u00f3n. Ese es el momento de comenzar a pedir los primeros presupuestos y consultar las disponibilidades en los proveedores que queremos elegir. B\u00e1sicamente, los proveedores que tienen que comenzar a buscar [&hellip;]","og_url":"https:\/\/pgeventos.com.ar\/nueva\/consejos\/","og_site_name":"PG Eventos","article_publisher":"https:\/\/www.facebook.com\/profile.php?id=100063526689790","article_modified_time":"2022-07-11T21:17:23+00:00","og_image":[{"width":350,"height":224,"url":"https:\/\/pgeventos.com.ar\/nueva\/wp-content\/uploads\/2023\/10\/292509264_468587121935507_7448197559576855527_n.jpg","type":"image\/jpeg"}],"twitter_card":"summary_large_image","twitter_misc":{"Tiempo de lectura":"5 minutos"},"schema":{"@context":"https:\/\/schema.org","@graph":[{"@type":"WebPage","@id":"https:\/\/pgeventos.com.ar\/nueva\/consejos\/","url":"https:\/\/pgeventos.com.ar\/nueva\/consejos\/","name":"Consejos - PG Eventos","isPartOf":{"@id":"https:\/\/pgeventos.com.ar\/nueva\/#website"},"datePublished":"2022-07-11T16:36:03+00:00","dateModified":"2022-07-11T21:17:23+00:00","breadcrumb":{"@id":"https:\/\/pgeventos.com.ar\/nueva\/consejos\/#breadcrumb"},"inLanguage":"es-AR","potentialAction":[{"@type":"ReadAction","target":["https:\/\/pgeventos.com.ar\/nueva\/consejos\/"]}]},{"@type":"BreadcrumbList","@id":"https:\/\/pgeventos.com.ar\/nueva\/consejos\/#breadcrumb","itemListElement":[{"@type":"ListItem","position":1,"name":"Inicio","item":"https:\/\/pgeventos.com.ar\/nueva\/"},{"@type":"ListItem","position":2,"name":"Consejos"}]},{"@type":"WebSite","@id":"https:\/\/pgeventos.com.ar\/nueva\/#website","url":"https:\/\/pgeventos.com.ar\/nueva\/","name":"PG Eventos - Sal\u00f3n de Fiestas Rosario","description":"","publisher":{"@id":"https:\/\/pgeventos.com.ar\/nueva\/#organization"},"alternateName":"Sal\u00f3n de Fiestas Rosario","potentialAction":[{"@type":"SearchAction","target":{"@type":"EntryPoint","urlTemplate":"https:\/\/pgeventos.com.ar\/nueva\/?s={search_term_string}"},"query-input":{"@type":"PropertyValueSpecification","valueRequired":true,"valueName":"search_term_string"}}],"inLanguage":"es-AR"},{"@type":"Organization","@id":"https:\/\/pgeventos.com.ar\/nueva\/#organization","name":"Salones de Fiestas en Rosario","url":"https:\/\/pgeventos.com.ar\/nueva\/","logo":{"@type":"ImageObject","inLanguage":"es-AR","@id":"https:\/\/pgeventos.com.ar\/nueva\/#\/schema\/logo\/image\/","url":"https:\/\/pgeventos.com.ar\/nueva\/wp-content\/uploads\/2023\/10\/292509264_468587121935507_7448197559576855527_n.jpg","contentUrl":"https:\/\/pgeventos.com.ar\/nueva\/wp-content\/uploads\/2023\/10\/292509264_468587121935507_7448197559576855527_n.jpg","width":350,"height":224,"caption":"Salones de Fiestas en Rosario"},"image":{"@id":"https:\/\/pgeventos.com.ar\/nueva\/#\/schema\/logo\/image\/"},"sameAs":["https:\/\/www.facebook.com\/profile.php?id=100063526689790"]}]}},"_links":{"self":[{"href":"https:\/\/pgeventos.com.ar\/nueva\/wp-json\/wp\/v2\/pages\/1375","targetHints":{"allow":["GET"]}}],"collection":[{"href":"https:\/\/pgeventos.com.ar\/nueva\/wp-json\/wp\/v2\/pages"}],"about":[{"href":"https:\/\/pgeventos.com.ar\/nueva\/wp-json\/wp\/v2\/types\/page"}],"author":[{"embeddable":true,"href":"https:\/\/pgeventos.com.ar\/nueva\/wp-json\/wp\/v2\/users\/1"}],"replies":[{"embeddable":true,"href":"https:\/\/pgeventos.com.ar\/nueva\/wp-json\/wp\/v2\/comments?post=1375"}],"version-history":[{"count":5,"href":"https:\/\/pgeventos.com.ar\/nueva\/wp-json\/wp\/v2\/pages\/1375\/revisions"}],"predecessor-version":[{"id":1394,"href":"https:\/\/pgeventos.com.ar\/nueva\/wp-json\/wp\/v2\/pages\/1375\/revisions\/1394"}],"wp:attachment":[{"href":"https:\/\/pgeventos.com.ar\/nueva\/wp-json\/wp\/v2\/media?parent=1375"}],"curies":[{"name":"wp","href":"https:\/\/api.w.org\/{rel}","templated":true}]}}